{"id":134,"date":"2021-03-01T07:13:59","date_gmt":"2021-03-01T10:13:59","guid":{"rendered":"http:\/\/estudioalemabogados.com.ar\/?page_id=134"},"modified":"2021-09-17T20:28:31","modified_gmt":"2021-09-17T23:28:31","slug":"abogados","status":"publish","type":"page","link":"https:\/\/estudioalemabogados.com.ar\/index.php\/abogados\/","title":{"rendered":"ABOGADOS"},"content":{"rendered":"\t\t<div data-elementor-type=\"wp-page\" data-elementor-id=\"134\" class=\"elementor elementor-134\">\n\t\t\t\t\t\t<section class=\"elementor-section elementor-top-section elementor-element elementor-element-e3a267f elementor-section-boxed elementor-section-height-default elementor-section-height-default\" data-id=\"e3a267f\" data-element_type=\"section\" data-e-type=\"section\">\n\t\t\t\t\t\t<div class=\"elementor-container elementor-column-gap-default\">\n\t\t\t\t\t<div class=\"elementor-column elementor-col-33 elementor-top-column elementor-element elementor-element-63bb872\" data-id=\"63bb872\" data-element_type=\"column\" data-e-type=\"column\">\n\t\t\t<div class=\"elementor-widget-wrap elementor-element-populated\">\n\t\t\t\t\t\t<div class=\"elementor-element elementor-element-ae75517 elementor-widget elementor-widget-premium-addon-person\" data-id=\"ae75517\" data-element_type=\"widget\" data-e-type=\"widget\" data-widget_type=\"premium-addon-person.default\">\n\t\t\t\t<div class=\"elementor-widget-container\">\n\t\t\t\t\t\t\t<div class=\"premium-persons-container premium-person-style2\">\r\n\t\t\t\t\t\t<div class=\"premium-person-container premium-person-zoomin-effect\">\r\n\r\n\t\t\t\t<div class=\"premium-person-image-container\">\r\n\t\t\t\t\t<img fetchpriority=\"high\" decoding=\"async\" width=\"960\" height=\"1280\" src=\"https:\/\/estudioalemabogados.com.ar\/wp-content\/uploads\/2021\/03\/carlos.jpg\" class=\"attachment-full size-full wp-image-1005\" alt=\"\" srcset=\"https:\/\/estudioalemabogados.com.ar\/wp-content\/uploads\/2021\/03\/carlos.jpg 960w, https:\/\/estudioalemabogados.com.ar\/wp-content\/uploads\/2021\/03\/carlos-225x300.jpg 225w, https:\/\/estudioalemabogados.com.ar\/wp-content\/uploads\/2021\/03\/carlos-768x1024.jpg 768w\" sizes=\"(max-width: 960px) 100vw, 960px\" \/>\r\n\t\t\t\t\t\t\t\t\t<\/div>\r\n\t\t\t\t<div class=\"premium-person-info\">\r\n\t\t\t\t\t\t\t\t<div class=\"premium-person-info-container\">\r\n\t\t\t\t\t\t\t\t\t<h2 class=\"premium-person-name\">Carlos Mar\u00eda Alem<\/h2>\t\t\t\t\t\t\t\t\t\t\t<h4 class=\"premium-person-title\">\r\n\t\t\t\t\t\t\t<span>Abogado<\/span>\r\n\t\t\t\t\t\t<\/h4>\r\n\t\t\t\t\t\t\t\t\t\t\t<div class=\"premium-person-content\">\r\n\t\t\t\t\t\t\t<p><u><b>Educaci\u00f3n Universitaria:<\/b><\/u><br>Abogado, Facultad de Derecho, Universidad de Buenos Aires. A\u00f1o 1985<\/p>\n<p><u><b>Experiencia profesional:<\/b><\/u><br>Socio del Estudio desde el a\u00f1o 1.986.<\/p>\n<p><u><b>Membres\u00edas:<\/b><\/u><br>Miembro del Colegio de Abogados de Azul<\/p>\n<p>Miembro del Colegio P\u00fablico de Abogados de la Capital Federal<\/p>\t\t\t\t\t\t<\/div>\r\n\t\t\t\t\t\t\t\t<\/div>\r\n\t\t\t\t\t\t\t<\/div>\r\n\t\t\t<\/div>\r\n\t\t\t\t\t\t<\/div>\r\n\t\t\t\t\t\t<\/div>\n\t\t\t\t<\/div>\n\t\t\t\t\t<\/div>\n\t\t<\/div>\n\t\t\t\t<div class=\"elementor-column elementor-col-33 elementor-top-column elementor-element elementor-element-6ef31f4\" data-id=\"6ef31f4\" data-element_type=\"column\" data-e-type=\"column\">\n\t\t\t<div class=\"elementor-widget-wrap elementor-element-populated\">\n\t\t\t\t\t\t<div class=\"elementor-element elementor-element-c1cce7f elementor-widget elementor-widget-premium-addon-person\" data-id=\"c1cce7f\" data-element_type=\"widget\" data-e-type=\"widget\" data-widget_type=\"premium-addon-person.default\">\n\t\t\t\t<div class=\"elementor-widget-container\">\n\t\t\t\t\t\t\t<div class=\"premium-persons-container premium-person-style2\">\r\n\t\t\t\t\t\t<div class=\"premium-person-container premium-person-zoomin-effect\">\r\n\r\n\t\t\t\t<div class=\"premium-person-image-container\">\r\n\t\t\t\t\t<img decoding=\"async\" width=\"960\" height=\"1280\" src=\"https:\/\/estudioalemabogados.com.ar\/wp-content\/uploads\/2021\/09\/Milagros-3.jpg\" class=\"attachment-full size-full wp-image-1056\" alt=\"\" srcset=\"https:\/\/estudioalemabogados.com.ar\/wp-content\/uploads\/2021\/09\/Milagros-3.jpg 960w, https:\/\/estudioalemabogados.com.ar\/wp-content\/uploads\/2021\/09\/Milagros-3-225x300.jpg 225w, https:\/\/estudioalemabogados.com.ar\/wp-content\/uploads\/2021\/09\/Milagros-3-768x1024.jpg 768w\" sizes=\"(max-width: 960px) 100vw, 960px\" \/>\r\n\t\t\t\t\t\t\t\t\t<\/div>\r\n\t\t\t\t<div class=\"premium-person-info\">\r\n\t\t\t\t\t\t\t\t<div class=\"premium-person-info-container\">\r\n\t\t\t\t\t\t\t\t\t<h2 class=\"premium-person-name\">Milagros Alem<\/h2>\t\t\t\t\t\t\t\t\t\t\t<h4 class=\"premium-person-title\">\r\n\t\t\t\t\t\t\t<span>Abogada<\/span>\r\n\t\t\t\t\t\t<\/h4>\r\n\t\t\t\t\t\t\t\t\t\t\t<div class=\"premium-person-content\">\r\n\t\t\t\t\t\t\t<p><u><b>Educaci\u00f3n Universitaria:<br \/><\/b><\/u>Abogada, Facultad de Derecho, Universidad de Buenos Aires. A\u00f1o 2019<\/p><p>Diplomatura en Derecho Privado Patrimonial Universidad Austral<\/p><p><u><b>Experiencia profesional:<\/b><\/u><br \/>Estudio Coghlan Gutierrez O&#8217;Farrel (Febrero 2018 &#8211; Junio 2019)<\/p><p>Estudio Alem Abogados (Octubre 2019)<\/p><p><u><b>Membres\u00edas:<br \/><\/b><\/u>Miembro del Colegio de Abogados de Azul<\/p>\t\t\t\t\t\t<\/div>\r\n\t\t\t\t\t\t\t\t<\/div>\r\n\t\t\t\t\t\t\t<\/div>\r\n\t\t\t<\/div>\r\n\t\t\t\t\t\t<\/div>\r\n\t\t\t\t\t\t<\/div>\n\t\t\t\t<\/div>\n\t\t\t\t\t<\/div>\n\t\t<\/div>\n\t\t\t\t<div class=\"elementor-column elementor-col-33 elementor-top-column elementor-element elementor-element-1518905\" data-id=\"1518905\" data-element_type=\"column\" data-e-type=\"column\">\n\t\t\t<div class=\"elementor-widget-wrap elementor-element-populated\">\n\t\t\t\t\t\t<div class=\"elementor-element elementor-element-3191ecc elementor-widget elementor-widget-premium-addon-person\" data-id=\"3191ecc\" data-element_type=\"widget\" data-e-type=\"widget\" data-widget_type=\"premium-addon-person.default\">\n\t\t\t\t<div class=\"elementor-widget-container\">\n\t\t\t\t\t\t\t<div class=\"premium-persons-container premium-person-style2\">\r\n\t\t\t\t\t\t<div class=\"premium-person-container premium-person-zoomin-effect\">\r\n\r\n\t\t\t\t<div class=\"premium-person-image-container\">\r\n\t\t\t\t\t<img decoding=\"async\" width=\"960\" height=\"1280\" src=\"https:\/\/estudioalemabogados.com.ar\/wp-content\/uploads\/2021\/03\/Agustina.jpg\" class=\"attachment-full size-full wp-image-1007\" alt=\"\" srcset=\"https:\/\/estudioalemabogados.com.ar\/wp-content\/uploads\/2021\/03\/Agustina.jpg 960w, https:\/\/estudioalemabogados.com.ar\/wp-content\/uploads\/2021\/03\/Agustina-225x300.jpg 225w, https:\/\/estudioalemabogados.com.ar\/wp-content\/uploads\/2021\/03\/Agustina-768x1024.jpg 768w\" sizes=\"(max-width: 960px) 100vw, 960px\" \/>\r\n\t\t\t\t\t\t\t\t\t<\/div>\r\n\t\t\t\t<div class=\"premium-person-info\">\r\n\t\t\t\t\t\t\t\t<div class=\"premium-person-info-container\">\r\n\t\t\t\t\t\t\t\t\t<h2 class=\"premium-person-name\">Agustina Alem<\/h2>\t\t\t\t\t\t\t\t\t\t\t<h4 class=\"premium-person-title\">\r\n\t\t\t\t\t\t\t<span>Abogada<\/span>\r\n\t\t\t\t\t\t<\/h4>\r\n\t\t\t\t\t\t\t\t\t\t\t<div class=\"premium-person-content\">\r\n\t\t\t\t\t\t\t<p><u><b>Educaci\u00f3n Universitaria:<br \/><\/b><\/u>Abogada, Facultad de Derecho, Universidad de Buenos Aires. A\u00f1o 2017<\/p><p>Posgrado \u201cDerecho y Legislaci\u00f3n Laboral\u201d, Universidad Cat\u00f3lica Argentina (A\u00f1o 2018).<\/p><p><u><b>Experiencia profesional:<\/b><\/u><br \/>Estudio Aranguren Abogados (Junio 2018 &#8211; Diciembre 2019)<\/p><p>Estudio Alem Abogados (Enero 2020)<\/p><p><u><b>Membres\u00edas:<\/b><\/u><br \/>Miembro del Colegio de Abogados de Azul<\/p><p>Miembro del Colegio P\u00fablico de Abogados de la Capital Federal<\/p>\t\t\t\t\t\t<\/div>\r\n\t\t\t\t\t\t\t\t<\/div>\r\n\t\t\t\t\t\t\t<\/div>\r\n\t\t\t<\/div>\r\n\t\t\t\t\t\t<\/div>\r\n\t\t\t\t\t\t<\/div>\n\t\t\t\t<\/div>\n\t\t\t\t\t<\/div>\n\t\t<\/div>\n\t\t\t\t\t<\/div>\n\t\t<\/section>\n\t\t\t\t<section class=\"elementor-section elementor-top-section elementor-element elementor-element-335f725 elementor-section-full_width elementor-section-stretched elementor-section-height-default elementor-section-height-default\" data-id=\"335f725\" data-element_type=\"section\" data-e-type=\"section\" data-settings=\"{&quot;stretch_section&quot;:&quot;section-stretched&quot;,&quot;background_background&quot;:&quot;classic&quot;}\">\n\t\t\t\t\t\t<div class=\"elementor-container elementor-column-gap-default\">\n\t\t\t\t\t<div class=\"elementor-column elementor-col-25 elementor-top-column elementor-element elementor-element-cc5932b\" data-id=\"cc5932b\" data-element_type=\"column\" data-e-type=\"column\">\n\t\t\t<div class=\"elementor-widget-wrap\">\n\t\t\t\t\t\t\t<\/div>\n\t\t<\/div>\n\t\t\t\t<div class=\"elementor-column elementor-col-25 elementor-top-column elementor-element elementor-element-cc2d266\" data-id=\"cc2d266\" data-element_type=\"column\" data-e-type=\"column\">\n\t\t\t<div class=\"elementor-widget-wrap elementor-element-populated\">\n\t\t\t\t\t\t<div class=\"elementor-element elementor-element-2f69925 elementor-widget elementor-widget-heading\" data-id=\"2f69925\" data-element_type=\"widget\" data-e-type=\"widget\" data-widget_type=\"heading.default\">\n\t\t\t\t<div class=\"elementor-widget-container\">\n\t\t\t\t\t<h3 class=\"elementor-heading-title elementor-size-default\">Contactanos<\/h3>\t\t\t\t<\/div>\n\t\t\t\t<\/div>\n\t\t\t\t<div class=\"elementor-element elementor-element-e9a98c1 elementor-align-start elementor-icon-list--layout-traditional elementor-list-item-link-full_width elementor-widget elementor-widget-icon-list\" data-id=\"e9a98c1\" data-element_type=\"widget\" data-e-type=\"widget\" data-widget_type=\"icon-list.default\">\n\t\t\t\t<div class=\"elementor-widget-container\">\n\t\t\t\t\t\t\t<ul class=\"elementor-icon-list-items\">\n\t\t\t\t\t\t\t<li class=\"elementor-icon-list-item\">\n\t\t\t\t\t\t\t\t\t\t\t<span class=\"elementor-icon-list-icon\">\n\t\t\t\t\t\t\t<i aria-hidden=\"true\" class=\"fas fa-phone-alt\"><\/i>\t\t\t\t\t\t<\/span>\n\t\t\t\t\t\t\t\t\t\t<span class=\"elementor-icon-list-text\"> (02284) 15353717<\/span>\n\t\t\t\t\t\t\t\t\t<\/li>\n\t\t\t\t\t\t\t\t<li class=\"elementor-icon-list-item\">\n\t\t\t\t\t\t\t\t\t\t\t<span class=\"elementor-icon-list-icon\">\n\t\t\t\t\t\t\t<i aria-hidden=\"true\" class=\"fas fa-envelope\"><\/i>\t\t\t\t\t\t<\/span>\n\t\t\t\t\t\t\t\t\t\t<span class=\"elementor-icon-list-text\">estudio@estudioalemabogados.com.ar<\/span>\n\t\t\t\t\t\t\t\t\t<\/li>\n\t\t\t\t\t\t\t\t<li class=\"elementor-icon-list-item\">\n\t\t\t\t\t\t\t\t\t\t\t<span class=\"elementor-icon-list-icon\">\n\t\t\t\t\t\t\t<i aria-hidden=\"true\" class=\"fas fa-map-marker-alt\"><\/i>\t\t\t\t\t\t<\/span>\n\t\t\t\t\t\t\t\t\t\t<span class=\"elementor-icon-list-text\">Lamadrid 3345, Olavarr\u00eda, Provincia Bs. As., Argentina<\/span>\n\t\t\t\t\t\t\t\t\t<\/li>\n\t\t\t\t\t\t<\/ul>\n\t\t\t\t\t\t<\/div>\n\t\t\t\t<\/div>\n\t\t\t\t\t<\/div>\n\t\t<\/div>\n\t\t\t\t<div class=\"elementor-column elementor-col-25 elementor-top-column elementor-element elementor-element-3f22c7f\" data-id=\"3f22c7f\" data-element_type=\"column\" data-e-type=\"column\">\n\t\t\t<div class=\"elementor-widget-wrap elementor-element-populated\">\n\t\t\t\t\t\t<div class=\"elementor-element elementor-element-c44b602 elementor-widget elementor-widget-heading\" data-id=\"c44b602\" data-element_type=\"widget\" data-e-type=\"widget\" data-widget_type=\"heading.default\">\n\t\t\t\t<div class=\"elementor-widget-container\">\n\t\t\t\t\t<h3 class=\"elementor-heading-title elementor-size-default\">Seguinos<\/h3>\t\t\t\t<\/div>\n\t\t\t\t<\/div>\n\t\t\t\t<div class=\"elementor-element elementor-element-927798d e-grid-align-left elementor-shape-rounded elementor-grid-0 elementor-widget elementor-widget-social-icons\" data-id=\"927798d\" data-element_type=\"widget\" data-e-type=\"widget\" data-widget_type=\"social-icons.default\">\n\t\t\t\t<div class=\"elementor-widget-container\">\n\t\t\t\t\t\t\t<div class=\"elementor-social-icons-wrapper elementor-grid\" role=\"list\">\n\t\t\t\t\t\t\t<span class=\"elementor-grid-item\" role=\"listitem\">\n\t\t\t\t\t<a class=\"elementor-icon elementor-social-icon elementor-social-icon-linkedin elementor-repeater-item-083d3c8\" href=\"https:\/\/www.linkedin.com\/company\/estudioalemabogados\/\" target=\"_blank\">\n\t\t\t\t\t\t<span class=\"elementor-screen-only\">Linkedin<\/span>\n\t\t\t\t\t\t<i aria-hidden=\"true\" class=\"fab fa-linkedin\"><\/i>\t\t\t\t\t<\/a>\n\t\t\t\t<\/span>\n\t\t\t\t\t\t\t<span class=\"elementor-grid-item\" role=\"listitem\">\n\t\t\t\t\t<a class=\"elementor-icon elementor-social-icon elementor-social-icon-instagram elementor-repeater-item-5975436\" href=\"https:\/\/www.instagram.com\/estudioalemabogados\/\" target=\"_blank\">\n\t\t\t\t\t\t<span class=\"elementor-screen-only\">Instagram<\/span>\n\t\t\t\t\t\t<i aria-hidden=\"true\" class=\"fab fa-instagram\"><\/i>\t\t\t\t\t<\/a>\n\t\t\t\t<\/span>\n\t\t\t\t\t<\/div>\n\t\t\t\t\t\t<\/div>\n\t\t\t\t<\/div>\n\t\t\t\t\t<\/div>\n\t\t<\/div>\n\t\t\t\t<div class=\"elementor-column elementor-col-25 elementor-top-column elementor-element elementor-element-909b118\" data-id=\"909b118\" data-element_type=\"column\" data-e-type=\"column\">\n\t\t\t<div class=\"elementor-widget-wrap\">\n\t\t\t\t\t\t\t<\/div>\n\t\t<\/div>\n\t\t\t\t\t<\/div>\n\t\t<\/section>\n\t\t\t\t<\/div>\n\t\t","protected":false},"excerpt":{"rendered":"<p>Carlos Mar\u00eda Alem Abogado Educaci\u00f3n Universitaria:Abogado, Facultad de Derecho, Universidad de Buenos Aires. A\u00f1o 1985 Experiencia profesional:Socio del Estudio desde el a\u00f1o 1.986. Membres\u00edas:Miembro del Colegio de Abogados de Azul Miembro del<\/p>\n<a class=\"moretag noptoppad\" href=\"https:\/\/estudioalemabogados.com.ar\/index.php\/abogados\/\">Read More...<\/a>","protected":false},"author":1,"featured_media":0,"parent":0,"menu_order":0,"comment_status":"closed","ping_status":"closed","template":"elementor_theme","meta":{"footnotes":""},"class_list":["post-134","page","type-page","status-publish","hentry"],"_links":{"self":[{"href":"https:\/\/estudioalemabogados.com.ar\/index.php\/wp-json\/wp\/v2\/pages\/134","targetHints":{"allow":["GET"]}}],"collection":[{"href":"https:\/\/estudioalemabogados.com.ar\/index.php\/wp-json\/wp\/v2\/pages"}],"about":[{"href":"https:\/\/estudioalemabogados.com.ar\/index.php\/wp-json\/wp\/v2\/types\/page"}],"author":[{"embeddable":true,"href":"https:\/\/estudioalemabogados.com.ar\/index.php\/wp-json\/wp\/v2\/users\/1"}],"replies":[{"embeddable":true,"href":"https:\/\/estudioalemabogados.com.ar\/index.php\/wp-json\/wp\/v2\/comments?post=134"}],"version-history":[{"count":199,"href":"https:\/\/estudioalemabogados.com.ar\/index.php\/wp-json\/wp\/v2\/pages\/134\/revisions"}],"predecessor-version":[{"id":1059,"href":"https:\/\/estudioalemabogados.com.ar\/index.php\/wp-json\/wp\/v2\/pages\/134\/revisions\/1059"}],"wp:attachment":[{"href":"https:\/\/estudioalemabogados.com.ar\/index.php\/wp-json\/wp\/v2\/media?parent=134"}],"curies":[{"name":"wp","href":"https:\/\/api.w.org\/{rel}","templated":true}]}}